{"id":113,"date":"2016-11-30T21:30:38","date_gmt":"2016-11-30T20:30:38","guid":{"rendered":"http:\/\/helmut-wening.de\/wp\/?page_id=113"},"modified":"2017-10-31T13:19:14","modified_gmt":"2017-10-31T12:19:14","slug":"bundestagskandidat-fur-den-wahlkreis-242","status":"publish","type":"page","link":"https:\/\/helmut-wening.de\/wp\/?page_id=113","title":{"rendered":"Manchmal verliert man und machmal gewinnen die anderen ;-)"},"content":{"rendered":"<p><a class=\"fancybox\" rel=\"gallery113\" href=\"http:\/\/helmut-wening.de\/wp\/wp-content\/uploads\/2013\/09\/DSC_0137.jpg\"><img decoding=\"async\" loading=\"lazy\" class=\"wp-image-529 alignright\" src=\"http:\/\/helmut-wening.de\/wp\/wp-content\/uploads\/2013\/09\/DSC_0137-540x370.jpg\" alt=\"\" width=\"247\" height=\"162\" \/><\/a>Vielen Dank an alle, die mich gew\u00e4hlt haben, ihr seid toll und habt richtig entschieden \ud83d\ude09 Es sind nun vier andere Personen, die im Wahlkreis Erlangen-Stadt und -land\u00a0 kandidiert haben als unsere Volksvertreter im Bundestag. W\u00e4hrend der gemeinsamen Diskussionen konnte ich sie alle etwas n\u00e4her kennenlernen und fand es die richtige Entscheidung selbst zu kandidieren. Nicht weil ich unbedingt in den Bundestag rumsitzen muss, sondern weil ich halt nun auch wei\u00df, wer uns da eigentlich vertritt.<\/p>\n<p><strong>Helmut Wening<\/strong><br \/>\nMich gibt es seit dem 09.09.1958<br \/>\nseitdem lebe ich in Erlangen und engagiere mich f\u00fcr die Stadt und die hier lebenden Menschen.<br \/>\nzusammengefasst:<\/p>\n<ul>\n<li style=\"list-style-type: none;\">\n<ul>\n<li>Mit 15 Jahren (1973) Gruppenleiter beim Pfadfinderstamm Asgard im BdP, dort im Laufe der Jahre mehrere hundert Kinder (mit)betreut, Voraussetzungen geschaffen, H\u00e4user gebaut&#8230;<\/li>\n<li>Mit 18 Jahren (1976) die Ausbildung bei der bayerischen Polizei begonnen, nicht ganz einfach als frei denkender und sozial engagierter Mensch \u2026 aber bis jetzt durchgehalten (40 Jahre).<\/li>\n<\/ul>\n<\/li>\n<\/ul>\n<img decoding=\"async\" class=\"alignright size-full wp-image-70\" src=\"http:\/\/helmut-wening.de\/wp\/wp-content\/uploads\/2013\/06\/stempel_helmut.jpg\" alt=\"\" width=\"280\" \/>\n<ul>\n<li>Deshalb mit 25 Jahren zu den Gr\u00fcnen gegangen, erste Kandidaturen (Landtag) nach der Verbeamtung auf Lebenszeit (weil weniger riskant). Immer dann in Vorstand und am Kleistereimer, wenn es sonst niemand machen wollte. Leider anfangs begleitet vom Mi\u00dftrauen der Gr\u00fcnen dem Polizisten gegen\u00fcber und umgekehrt sowieso.<\/li>\n<li>Mit dabei bei der Gr\u00fcndung der BAG Kritischer Polizistinnen und Polizisten 1987 (Anregung und Idee von Christian Str\u00f6bele), daf\u00fcr bekam die BAG den Gustav-Heinemann-B\u00fcrgerpreis. Leider schafften einige (sehr von sich \u00fcberzeugte) Kollegen es, die BAG von innen heraus zu demontieren.<\/li>\n<li>Mit bei der Verleihung waren Ute (wir haben uns f\u00fcreinander entschieden und geheiratet) und Sohn Lukas. Durch ihn und die zwei danach kommenden Nicolai und Tim, verschoben sich die aktiven Schwerpunkte in Richtung Familie. (Ich war der erste Polizist in Bayern, der Erziehungsurlaub genommen hat. Zitat eines Kollegen: \u201eTr\u00e4gst du dann auch Kleider?\u201c)<\/li>\n<li>1990 \u2013 wir (drei Familien zusammen) erwerben ein Haus in Erlangen und renovieren mit viel Eigenleistung nach bau\u00f6kologischen Kriterien (u.a. Schilf als nachwachsender Rohstoff statt Styropor).<\/li>\n<li>Als Nachr\u00fccker (es gab noch die Rotation) f\u00fcr die Gr\u00fcnen in den Erlanger Stadtrat gekommen. Daraus, und dem gesellschaftlichen Engagement, resultierten dann gute (Wieder) Wahlergebnisse. Nach insgesamt 16 Jahren Stadtrat im Juli 2016 bereitwillig einem J\u00fcngeren Patz gemacht (Tim).<\/li>\n<li>1997 &#8211; Rettung eines Stadtteilhauses (zwei Wochen Urlaub daf\u00fcr aufgebraucht) und Hilfe bei der Organistion einer Tr\u00e4gerstruktur.<\/li>\n<li>1998 &#8211; den F\u00f6rderkreis der Erlanger Spiel- und Lernstuben mit gegr\u00fcndet, als Antwort auf politische Bestrebungen diese sehr guten, wichtigen und sozialen Einrichtungen kaputt zu sparen. Seitdem hier im Vorstand.<\/li>\n<li>2000 &#8211; \u201eUte was h\u00e4lst du eigentlich von Waldkinderg\u00e4rten?\u201c \u201eFind ich gut!\u201c die Frau vom Fach gr\u00fcndet (mit etwas Unterst\u00fctzung von mir) Erlangens ersten Waldkindergarten \u201edie Pfifferlinge e.V.\u201c inzwischen sind es vier und alle machen tolle Arbeit (mit viel weniger Kosten und Umweltbelastung als normale Kitas!).<\/li>\n<li>2000 &#8211; folgt auf Wunsch von Pfadiefreunden und den S\u00f6hnen ein vierj\u00e4hriger Wiedereinstieg als aktiver Gruppenleiter. Von 30 Pfadfindern w\u00e4chst der Stamm auf 120 Mitglieder. Ich betreue mit Kollegen als \u201eFachkr\u00e4fte\u201c auf Gro\u00dflagern mit \u00fcber 5000 Kindern den Fachbereich Sicherheit und Verkehr, was sonst \ud83d\ude09<\/li>\n<li>2005 \u2013 Alternative Wohnformen, wir bauen Bauw\u00e4gen aus und beziehen die ersten, leider ist die Stadt immer noch nicht bereit hier Fl\u00e4chen zur Verf\u00fcgung zu stellen.<\/li>\n<li>2006 &#8211; bei den Pfadfindern die \u201eFerienbetreuung\u201c eingef\u00fchrt. Ab jetzt werden Kinder und Jugendliche aus Erlangen und Umgebung auch in den Sommerferien von erfahrenen Jugendgruppenleitern betreut.<\/li>\n<li>2008 &#8211; als KV-Vorstand aktiv die Gr\u00fcndung des \u201eGr\u00fcnen Samstagstreff\u201c gef\u00f6rdert und unterst\u00fctzt. Daraus entstand der \u201eErlanger Sozialtreff\u201c der seitdem, \u00e4hnlich wie die Tafel, Lebensmittel, aber auch Lebensberatung f\u00fcr sozial benachteiligte Menschen organisiert.<\/li>\n<li>2009 &#8211; mit engagierten Kindern und Jugendlichen den Arbeitskreis \u201eJugend, Umwelt, Zukunft\u201c gegr\u00fcndet und damit den Umweltpreis der Stadt Erlangen gewonnen. Dabei entstand Erlangens einziger \u201eUmsonstladen\u201c, und \u2026<\/li>\n<li>2010 \u2013 die Gr\u00fcndung des Arche-Bauerhofs-Erlangen-Stadt-und-Land e.V. Ziele sind die Erhaltung alter Nutztierrassen, der Artenvielfalt regionalen Saatgutes und die Arbeit b\u00e4uerlicher Landwirtschaft sp\u00fcrbar zu machen (=&gt; Wertsch\u00e4tzung).<\/li>\n<li>2011 &#8211; unser Pfadfinder-Blockhaus brennt ab (10 Jahre Arbeit sind nur noch Brennholz mit Erfahrung) \u2013 wir bauen es, mit etwas mehr professioneller Unterst\u00fctzung (nicht ganz so urig), in drei Jahren wieder neu auf!<\/li>\n<li>2012 &#8211; Erlangens Weihnachtsmarkt wird neu gestaltet. Meine Anregung, einen Stand f\u00fcr das Ehrenamt einzuf\u00fchren, wird aufgegriffen und eine Erfolgsgeschichte.<\/li>\n<li>2015 &#8211; die \u201esolidarische Landwirtschaft\u201c (Solawi) gr\u00fcndet sich. Wir werden Ernteteilnehmer und ich versuche die Idee auf politischer Ebene voran zu bringen. (Antrag LDK 2016).<\/li>\n<li>2016 &#8211; die Stadt Erlangen schafft auf meine Anregung hin 5 Lasten-Elektro-Fahrr\u00e4der an, die jede\/r kostenlos ausleihen und nutzen kann.<\/li>\n<li>2016 \u2013 der Erlanger Werkstattwagen wird von Freunden und mir ausgebaut und eingerichtet. Werkzeuge teilen, statt alles selber zu kaufen. F\u00fcr Vereine, Verb\u00e4nde, Stadtteileinrichtungen, Kitas, Schulen \u2026 so was gibt\u2019s, glaub ich weder bayern- noch bundesweit! Selber machen gibt Selbstbewu\u00dftsein!<\/li>\n<li>2016 \u2013 ich bewerbe mich auf der Landesdelegiertenkonferenz von B\u00fcndnis 90\/Die Gr\u00fcnen um einen Platz auf der Landesliste f\u00fcr den Bundestag<\/li>\n<\/ul>\n<div style=\"width: 640px;\" class=\"wp-video\"><!--[if lt IE 9]><script>document.createElement('video');<\/script><![endif]-->\n<video class=\"wp-video-shortcode\" id=\"video-113-1\" width=\"640\" height=\"360\" preload=\"metadata\" controls=\"controls\"><source type=\"video\/mp4\" src=\"http:\/\/helmut-wening.de\/wp\/wp-content\/uploads\/2016\/12\/Helmut_Bewerbung.mp4?_=1\" \/><a href=\"http:\/\/helmut-wening.de\/wp\/wp-content\/uploads\/2016\/12\/Helmut_Bewerbung.mp4\">http:\/\/helmut-wening.de\/wp\/wp-content\/uploads\/2016\/12\/Helmut_Bewerbung.mp4<\/a><\/video><\/div>\n<p>&nbsp;<\/p>\n<a class=\"fancybox\" rel=\"gallery113\" href=\"http:\/\/helmut-wening.de\/wp\/wp-content\/uploads\/2016\/11\/242_02.jpg\"><img decoding=\"async\" loading=\"lazy\" class=\"alignright wp-image-124 \" src=\"http:\/\/helmut-wening.de\/wp\/wp-content\/uploads\/2016\/11\/242_02-150x150.jpg\" alt=\"242_02\" width=\"319\" height=\"319\" srcset=\"https:\/\/helmut-wening.de\/wp\/wp-content\/uploads\/2016\/11\/242_02-150x150.jpg 150w, https:\/\/helmut-wening.de\/wp\/wp-content\/uploads\/2016\/11\/242_02-125x125.jpg 125w\" sizes=\"(max-width: 319px) 100vw, 319px\" \/><\/a>\n<p>Das sind Dinge und Aktivit\u00e4ten, die ich, neben Beruf und Mandat, gemacht und unterst\u00fctzt habe.<\/p>\n<p><strong>Was k\u00f6nnte ich dann erst im Bundestag und mit dem dadurch vorhandenen Netzwerk machen?<\/strong><\/p>\n<p><strong>Ihr k\u00f6nnt es mir erm\u00f6glichen, indem Ihr mich am 27.09. in den Bundestag w\u00e4hlt!<\/strong><\/p>\n","protected":false},"excerpt":{"rendered":"<p>Vielen Dank an alle, die mich gew\u00e4hlt haben, ihr seid toll und habt richtig entschieden \ud83d\ude09 Es sind nun vier andere Personen, die im Wahlkreis Erlangen-Stadt und -land\u00a0 kandidiert haben&#8230; <\/p>\n","protected":false},"author":1,"featured_media":0,"parent":0,"menu_order":0,"comment_status":"closed","ping_status":"closed","template":"","meta":[],"_links":{"self":[{"href":"https:\/\/helmut-wening.de\/wp\/index.php?rest_route=\/wp\/v2\/pages\/113"}],"collection":[{"href":"https:\/\/helmut-wening.de\/wp\/index.php?rest_route=\/wp\/v2\/pages"}],"about":[{"href":"https:\/\/helmut-wening.de\/wp\/index.php?rest_route=\/wp\/v2\/types\/page"}],"author":[{"embeddable":true,"href":"https:\/\/helmut-wening.de\/wp\/index.php?rest_route=\/wp\/v2\/users\/1"}],"replies":[{"embeddable":true,"href":"https:\/\/helmut-wening.de\/wp\/index.php?rest_route=%2Fwp%2Fv2%2Fcomments&post=113"}],"version-history":[{"count":30,"href":"https:\/\/helmut-wening.de\/wp\/index.php?rest_route=\/wp\/v2\/pages\/113\/revisions"}],"predecessor-version":[{"id":605,"href":"https:\/\/helmut-wening.de\/wp\/index.php?rest_route=\/wp\/v2\/pages\/113\/revisions\/605"}],"wp:attachment":[{"href":"https:\/\/helmut-wening.de\/wp\/index.php?rest_route=%2Fwp%2Fv2%2Fmedia&parent=113"}],"curies":[{"name":"wp","href":"https:\/\/api.w.org\/{rel}","templated":true}]}}