{"id":18,"date":"2013-06-24T23:09:21","date_gmt":"2013-06-24T21:09:21","guid":{"rendered":"http:\/\/helmut-wening.de\/wp\/?page_id=18"},"modified":"2017-09-09T18:57:49","modified_gmt":"2017-09-09T16:57:49","slug":"ehrenamt","status":"publish","type":"page","link":"https:\/\/helmut-wening.de\/wp\/?page_id=18","title":{"rendered":"Ehrenamt"},"content":{"rendered":"<h2><a href=\"http:\/\/www.arche-erlangen.de\/d7\/\">Arche Erlangen <\/a><\/h2>\n<p><a class=\"fancybox\" rel=\"gallery18\" href=\"http:\/\/helmut-wening.de\/wp\/wp-content\/uploads\/2013\/06\/DSC_0151.jpg\"><img decoding=\"async\" loading=\"lazy\" class=\"wp-image-544 alignright\" src=\"http:\/\/helmut-wening.de\/wp\/wp-content\/uploads\/2013\/06\/DSC_0151-540x370.jpg\" alt=\"\" width=\"304\" height=\"244\" \/><\/a>Vor ein paar Jahren haben Freunde, Verwandte und Bekannte mit mir den Arche-Bauernhof Erlangen gegr\u00fcndet.<\/p>\n<p><strong><span style=\"color: #008000;\">Soziale Landwirtschaft, artgerechte Tierhaltung, Zucht und Erhaltung alter Nutztierrassen und\u00a0 Nutzpflanzenvielfalt<\/span><\/strong><span style=\"color: #000000;\"> sind nur ein paar Schlagworte f\u00fcr die M\u00f6glichkeiten, die jeder hat.<\/span> Es ist ein Spielplatz f\u00fcr Erwachsene, die M\u00f6glichkeit sich und seine Ideen mit anderen zusammen auszuprobieren.<\/p>\n<p>&nbsp;<\/p>\n<hr \/>\n<h2><a href=\"http:\/\/www.arche-erlangen.de\/d7\/\">Pfadies<\/a><\/h2>\n<p>Einmal Pfadfinder &#8211; immer Pfadfinder, dieser Spruch gilt zwar nur f\u00fcr einen Teil der Aktiven (sonst w\u00fcrden die Pfadies hoffnungslos \u00fcberaltern), aber er steht f\u00fcr die Grundeinstellung, die Pfadfinder weltweit haben (sollten).<\/p>\n<p>Be prepared (z.dt. Allzeit bereit) und gemeint ist, sich vorzubereiten, damit man jederzeit f\u00fcr andere da sein kann. Gut, das ist etwas stark verk\u00fcrzt, aber Pfadfinderei kann man sich nicht anlesen, die muss man erleben.<\/p>\n<p><span style=\"color: #008000;\"><strong>Meine Aufgabe sehe ich darin, immer wieder daf\u00fcr zu sorgen, dass viele Kinder und Jugendliche, aber auch Sp\u00e4tberufene dieses Erleben haben k\u00f6nnen.<\/strong><\/span><\/p>\n<p style=\"text-align: center;\"><a class=\"fancybox\" rel=\"gallery18\" href=\"http:\/\/helmut-wening.de\/wp\/wp-content\/uploads\/2013\/06\/Blockhaus-im-Winter.jpg\"><img decoding=\"async\" loading=\"lazy\" class=\"wp-image-59 alignleft\" src=\"http:\/\/helmut-wening.de\/wp\/wp-content\/uploads\/2013\/06\/Blockhaus-im-Winter-540x370.jpg\" alt=\"Blockhaus im Winter\" width=\"338\" height=\"213\" \/><\/a><\/p>\n<p style=\"text-align: left;\">Unser altes Blockhaus k\u00f6nnt ihr auf diesem Bild sehen, nach einem Brand Ende April 2012 waren gut zwei Jahre Arbeit dahin. Entweder haben Ratten unsere Kabel angefressen und so entstand ein Lichtbogen oder eines der elektrischen Ger\u00e4te hatte einen Defekt. Zur Zeit bauen wir wieder neu &#8211; auch die Kleinen (6 Jahre aufw\u00e4rts) packen mit an. Deshalb kann ich nicht alle meine freie Zeit in den Wahlkampf stecken &#8211; vielleicht reichts ja trotzdem ;-))<\/p>\n<p>&nbsp;<\/p>\n<hr \/>\n<h2><a href=\"http:\/\/www.spiel-und-lernstuben.de\/d7\/Home\">Spiel- und Lernstuben<\/a><\/h2>\n<p>Um im sozialen Bereich nicht immer nur politische Lippenbekenntnisse zum Besten zu geben, haben wir, Freunde und Bekannten aller Coleur, <span style=\"color: #008000;\"><strong>gemeinsam den F\u00f6rderkreis der Erlanger Spiel und Lernstuben gegr\u00fcndet<\/strong><\/span>.<\/p>\n","protected":false},"excerpt":{"rendered":"<p>Arche Erlangen Vor ein paar Jahren haben Freunde, Verwandte und Bekannte mit mir den Arche-Bauernhof Erlangen gegr\u00fcndet. Soziale Landwirtschaft, artgerechte Tierhaltung, Zucht und Erhaltung alter Nutztierrassen und\u00a0 Nutzpflanzenvielfalt sind nur&#8230; <\/p>\n","protected":false},"author":1,"featured_media":0,"parent":0,"menu_order":1,"comment_status":"closed","ping_status":"closed","template":"","meta":[],"_links":{"self":[{"href":"https:\/\/helmut-wening.de\/wp\/index.php?rest_route=\/wp\/v2\/pages\/18"}],"collection":[{"href":"https:\/\/helmut-wening.de\/wp\/index.php?rest_route=\/wp\/v2\/pages"}],"about":[{"href":"https:\/\/helmut-wening.de\/wp\/index.php?rest_route=\/wp\/v2\/types\/page"}],"author":[{"embeddable":true,"href":"https:\/\/helmut-wening.de\/wp\/index.php?rest_route=\/wp\/v2\/users\/1"}],"replies":[{"embeddable":true,"href":"https:\/\/helmut-wening.de\/wp\/index.php?rest_route=%2Fwp%2Fv2%2Fcomments&post=18"}],"version-history":[{"count":12,"href":"https:\/\/helmut-wening.de\/wp\/index.php?rest_route=\/wp\/v2\/pages\/18\/revisions"}],"predecessor-version":[{"id":553,"href":"https:\/\/helmut-wening.de\/wp\/index.php?rest_route=\/wp\/v2\/pages\/18\/revisions\/553"}],"wp:attachment":[{"href":"https:\/\/helmut-wening.de\/wp\/index.php?rest_route=%2Fwp%2Fv2%2Fmedia&parent=18"}],"curies":[{"name":"wp","href":"https:\/\/api.w.org\/{rel}","templated":true}]}}