{"id":22,"date":"2013-06-24T23:11:41","date_gmt":"2013-06-24T21:11:41","guid":{"rendered":"http:\/\/helmut-wening.de\/wp\/?page_id=22"},"modified":"2017-09-15T20:03:15","modified_gmt":"2017-09-15T18:03:15","slug":"arche-bauernhof","status":"publish","type":"page","link":"https:\/\/helmut-wening.de\/wp\/?page_id=22","title":{"rendered":"Arche Bauernhof"},"content":{"rendered":"<p>&nbsp;<\/p>\n<p>Vor ein paar Jahren haben Freunde, Verwandte und Bekannte mit mir den <a href=\"http:\/\/www.arche-erlangen.de\/d7\/Home\">Arche-Bauernhof Erlangen<\/a> gegr\u00fcndet. Inzwischen hat sich da schon einiges getan. Unsere Pr\u00e4missen sind:<\/p>\n<ul>\n<li>Wir bieten Fl\u00e4chen, Platz und Raum, um sich mit dem Thema Landwirtschaft im weitesten Sinn zu besch\u00e4ftigen. Aktiv werden muss jede\/r selbst.<\/li>\n<li>Jede\/r kann, keine\/r muss! Das hei\u00dft wir \u00fcben keinen Druck auf unsere Vereinsmitglieder aus. Jede\/r wei\u00df selbst am besten wieviel Zeit er\/sie zur Verf\u00fcgung hat.<\/li>\n<li>Wer macht &#8211; bestimmt. Der Arche-Bauernhof arbeitet nicht im Konjunktiv &#8230; (ich w\u00fcrde aber &#8230;, wir m\u00fcssten hier &#8230;, man sollte doch &#8230;!). Wer aktiv ist und Sachen macht, ist im Handeln relativ frei, sofern es nicht unseren ethischen Grunds\u00e4tze Tieren, Pflanzen und Menschen gegen\u00fcber widerspricht!<\/li>\n<\/ul>\n<p>&nbsp;<\/p>\n<p><strong><span style=\"color: #008000;\">Soziale Landwirtschaft, artgerechte Tierhaltung, Zucht und Erhaltung alter Nutztierrassen und\u00a0 Nutzpflanzenvielfalt<\/span><\/strong><span style=\"color: #000000;\"> sind nur ein paar Schlagworte f\u00fcr die M\u00f6glichkeiten, die jeder hat.<\/span> Es ist ein Spielplatz f\u00fcr Erwachsene, die M\u00f6glichkeit sich und seine Ideen mit anderen zusammen auszuprobieren.<\/p>\n<p>&nbsp;<\/p>\n<a class=\"fancybox\" rel=\"gallery22\" href=\"http:\/\/helmut-wening.de\/wp\/wp-content\/uploads\/2013\/06\/DSC07590.jpg\"><img decoding=\"async\" loading=\"lazy\" class=\"size-medium wp-image-56 aligncenter\" src=\"http:\/\/helmut-wening.de\/wp\/wp-content\/uploads\/2013\/06\/DSC07590-540x370.jpg\" alt=\"Bentheimer\" width=\"383\" height=\"263\" \/><\/a>\n","protected":false},"excerpt":{"rendered":"<p>&nbsp; Vor ein paar Jahren haben Freunde, Verwandte und Bekannte mit mir den Arche-Bauernhof Erlangen gegr\u00fcndet. Inzwischen hat sich da schon einiges getan. Unsere Pr\u00e4missen sind: Wir bieten Fl\u00e4chen, Platz&#8230; <\/p>\n","protected":false},"author":1,"featured_media":0,"parent":18,"menu_order":0,"comment_status":"open","ping_status":"closed","template":"","meta":[],"_links":{"self":[{"href":"https:\/\/helmut-wening.de\/wp\/index.php?rest_route=\/wp\/v2\/pages\/22"}],"collection":[{"href":"https:\/\/helmut-wening.de\/wp\/index.php?rest_route=\/wp\/v2\/pages"}],"about":[{"href":"https:\/\/helmut-wening.de\/wp\/index.php?rest_route=\/wp\/v2\/types\/page"}],"author":[{"embeddable":true,"href":"https:\/\/helmut-wening.de\/wp\/index.php?rest_route=\/wp\/v2\/users\/1"}],"replies":[{"embeddable":true,"href":"https:\/\/helmut-wening.de\/wp\/index.php?rest_route=%2Fwp%2Fv2%2Fcomments&post=22"}],"version-history":[{"count":6,"href":"https:\/\/helmut-wening.de\/wp\/index.php?rest_route=\/wp\/v2\/pages\/22\/revisions"}],"predecessor-version":[{"id":589,"href":"https:\/\/helmut-wening.de\/wp\/index.php?rest_route=\/wp\/v2\/pages\/22\/revisions\/589"}],"up":[{"embeddable":true,"href":"https:\/\/helmut-wening.de\/wp\/index.php?rest_route=\/wp\/v2\/pages\/18"}],"wp:attachment":[{"href":"https:\/\/helmut-wening.de\/wp\/index.php?rest_route=%2Fwp%2Fv2%2Fmedia&parent=22"}],"curies":[{"name":"wp","href":"https:\/\/api.w.org\/{rel}","templated":true}]}}