{"id":232,"date":"2017-04-03T18:38:46","date_gmt":"2017-04-03T16:38:46","guid":{"rendered":"http:\/\/helmut-wening.de\/wp\/?page_id=232"},"modified":"2017-10-31T13:26:49","modified_gmt":"2017-10-31T12:26:49","slug":"uber-mich","status":"publish","type":"page","link":"https:\/\/helmut-wening.de\/wp\/","title":{"rendered":"\u00dcber mich"},"content":{"rendered":"<hr \/>\n<h2>Vielen Dank und vergesst nicht: &#8220;jeder Tag ist ein Wahltag!&#8221;<\/h2>\n<hr \/>\n<h4><a class=\"fancybox\" rel=\"gallery232\" href=\"http:\/\/helmut-wening.de\/wp\/wp-content\/uploads\/2017\/04\/kaertchen.jpg\"><img decoding=\"async\" loading=\"lazy\" class=\"wp-image-511 alignright\" src=\"http:\/\/helmut-wening.de\/wp\/wp-content\/uploads\/2017\/04\/kaertchen-540x370.jpg\" alt=\"\" width=\"247\" height=\"176\" \/><\/a><em>Vielen Dank, dass ihr euch f\u00fcr mich, gr\u00fcne Politik und meine Homepage interessiert!<\/em><\/h4>\n<h4><em>Es ist sicher kein Fehler die Gr\u00fcnen zu w\u00e4hlen, es w\u00e4re eher einer es nicht zu tun.<\/em><\/h4>\n<p>&nbsp;<\/p>\n<p>Ich hab f\u00fcr alles M\u00f6gliche kandidiert. Jetzt w\u00fcnsche ich mir, dass sich die J\u00fcngeren um ihre Zukunft k\u00fcmmern. Wir &#8220;Alten&#8221; sind bald Geschichte. Wer sich trotzdem f\u00fcr mich interessiert kann hier ein bi\u00dfchen st\u00f6bern:<\/p>\n<h2><a href=\"http:\/\/helmut-wening.de\/wp\/?page_id=113\">Mein politischer Werdegang<\/a><\/h2>\n<p>Mich gibt es seit dem 09.09.1958. Seitdem lebe ich in Erlangen und engagiere mich f\u00fcr die Stadt und die hier lebenden Menschen. Was das genau hei\u00dft kann man in meinem &#8220;politischen&#8221; Lebenslauf erfahren.<br \/>\n<a href=\"http:\/\/helmut-wening.de\/wp\/?page_id=113\"><span style=\"color: #008000;\">&#8230; Weiterlesen<\/span><\/a><\/p>\n<p>&nbsp;<\/p>\n<hr \/>\n<h2><a href=\"http:\/\/helmut-wening.de\/wp\/?page_id=113\">Der Mensch Helmut<\/a><\/h2>\n<p>Wer bin ich und was treibt mich an? Was motiviert mich f\u00fcr die Politik?<\/p>\n<img decoding=\"async\" class=\"size-small wp-image-310 alignnone\" src=\"http:\/\/helmut-wening.de\/wp\/wp-content\/uploads\/2013\/08\/helmut-und-das-liebe-Vieh-540x370.jpg\" alt=\"\" width=\"370\" \/>\n<p>&nbsp;<\/p>\n<p><a href=\"http:\/\/helmut-wening.de\/wp\/?page_id=77\"><span style=\"color: #008000;\">&#8230; Weiterlesen<\/span><\/a><\/p>\n<p>&nbsp;<\/p>\n<hr \/>\n<h2><\/h2>\n<h2><a href=\"http:\/\/helmut-wening.de\/wp\/?page_id=18\">Ehrenamt in Erlangen<br \/>\n<\/a><\/h2>\n<p>Seit \u00fcber 40 Jahren engagiere ich mich ehrenamtlich in Erlangen. \u00dcber einen Teil der dabei entstandenen Gruppen und Einrichtungen will ich hier informieren, die Pfadfinder, die Arche und die Spiel- &amp; Lernstuben.<\/p>\n<a class=\"fancybox\" rel=\"gallery232\" href=\"http:\/\/helmut-wening.de\/wp\/wp-content\/uploads\/2017\/04\/DSC_0083.jpg\"><img decoding=\"async\" loading=\"lazy\" class=\"wp-image-522 alignnone\" src=\"http:\/\/helmut-wening.de\/wp\/wp-content\/uploads\/2017\/04\/DSC_0083-540x370.jpg\" alt=\"\" width=\"250\" height=\"168\" \/><\/a>\n<p><a href=\"http:\/\/helmut-wening.de\/wp\/?page_id=18\"><span style=\"color: #008000;\">&#8230; Weiterlesen<\/span><\/a><\/p>\n","protected":false},"excerpt":{"rendered":"<p>Vielen Dank und vergesst nicht: &#8220;jeder Tag ist ein Wahltag!&#8221; Vielen Dank, dass ihr euch f\u00fcr mich, gr\u00fcne Politik und meine Homepage interessiert! Es ist sicher kein Fehler die Gr\u00fcnen&#8230; <\/p>\n","protected":false},"author":5,"featured_media":0,"parent":0,"menu_order":0,"comment_status":"closed","ping_status":"closed","template":"page-fullpage.php","meta":[],"_links":{"self":[{"href":"https:\/\/helmut-wening.de\/wp\/index.php?rest_route=\/wp\/v2\/pages\/232"}],"collection":[{"href":"https:\/\/helmut-wening.de\/wp\/index.php?rest_route=\/wp\/v2\/pages"}],"about":[{"href":"https:\/\/helmut-wening.de\/wp\/index.php?rest_route=\/wp\/v2\/types\/page"}],"author":[{"embeddable":true,"href":"https:\/\/helmut-wening.de\/wp\/index.php?rest_route=\/wp\/v2\/users\/5"}],"replies":[{"embeddable":true,"href":"https:\/\/helmut-wening.de\/wp\/index.php?rest_route=%2Fwp%2Fv2%2Fcomments&post=232"}],"version-history":[{"count":80,"href":"https:\/\/helmut-wening.de\/wp\/index.php?rest_route=\/wp\/v2\/pages\/232\/revisions"}],"predecessor-version":[{"id":608,"href":"https:\/\/helmut-wening.de\/wp\/index.php?rest_route=\/wp\/v2\/pages\/232\/revisions\/608"}],"wp:attachment":[{"href":"https:\/\/helmut-wening.de\/wp\/index.php?rest_route=%2Fwp%2Fv2%2Fmedia&parent=232"}],"curies":[{"name":"wp","href":"https:\/\/api.w.org\/{rel}","templated":true}]}}