{"id":461,"date":"2017-05-09T18:30:59","date_gmt":"2017-05-09T16:30:59","guid":{"rendered":"http:\/\/helmut-wening.de\/wp\/?page_id=461"},"modified":"2017-09-15T19:51:53","modified_gmt":"2017-09-15T17:51:53","slug":"kernthemen","status":"publish","type":"page","link":"https:\/\/helmut-wening.de\/wp\/?page_id=461","title":{"rendered":"Kernthemen"},"content":{"rendered":"<div style=\"width: 783px;\" class=\"wp-video\"><!--[if lt IE 9]><script>document.createElement('video');<\/script><![endif]-->\n<video class=\"wp-video-shortcode\" id=\"video-461-1\" width=\"783\" height=\"439\" preload=\"metadata\" controls=\"controls\"><source type=\"video\/mp4\" src=\"http:\/\/helmut-wening.de\/wp\/wp-content\/uploads\/2017\/08\/JederTag_1080.mp4?_=1\" \/><a href=\"http:\/\/helmut-wening.de\/wp\/wp-content\/uploads\/2017\/08\/JederTag_1080.mp4\">http:\/\/helmut-wening.de\/wp\/wp-content\/uploads\/2017\/08\/JederTag_1080.mp4<\/a><\/video><\/div>\n<p>&nbsp;<\/p>\n<p><strong>Wieso GR\u00dcN?<\/strong> Es geht mir um die Erhaltung unserer Lebensgrundlagen &#8211; nat\u00fcrlich! Nicht Mobiltelefon, nicht Auto, nicht sinnloser Konsum sind Lebensgrundlagen. Lebensgrundlagen \u00fcberall auf der Welt sind unsere Umwelt, die Natur, es sind Erde, Wasser, Luft. Wir machen grad alles kaputt! Und irgendwie sind die Gr\u00fcnen, die einzigen die ein bi\u00dfchen was dagegen tun. K\u00f6nnte mehr sein ;-))<\/p>\n<p><strong>Wieso ich?<\/strong> Vieles von dem was getan werden muss, versuche ich im Kleinen zu tun. Klar fahr ich auch mal mit dem Auto, wenn es ebenso mit dem Fahrrad gegangen w\u00e4re. Und gelegentlich kauf ich Sachen, die ich nicht brauche und die unter ziemlich schlechten Bedingungen hergestellt wurden. Ich bin nicht perfekt, aber w\u00fcrde es gerne werden. Wer mich nicht w\u00e4hlen mag, kann es gerne sein lassen. Wichtiger w\u00e4re, dass er\/sie sein\/ihr Konsumverhalten \u00e4ndert!<\/p>\n<p><strong>Fl\u00e4chenverbrauch<\/strong>! St\u00e4ndig und \u00fcberall auf der Welt wird gebaut, zugebaut, versiegelt. Unser Bedarf an Stra\u00dfen, Geb\u00e4uden und Anbaufl\u00e4chen ist grenzenlos. In absehbarer Zeit wird es fast keine naturbelassenen Fl\u00e4chen mehr geben und keine Bereiche in denen unsere kleinen und gr\u00f6\u00dferen Mitbewohner eine \u00dcberlebenschance haben.<\/p>\n<p><strong>Landwirtschaft!\u00a0<\/strong>Wir leben von dem, was der Boden hergibt, was unsere Bauern erzeugen. Die intensive, industrialisierte Landwirtschaft erwirtschaftet hohe Ertr\u00e4ge. Dass der Boden dabei ausgelaugt wird, dass die Tiere unter nicht akzeptablen Bedingungen leben m\u00fcssen, vergessen wir vor dem Regal im Supermarkt. Ohne eine biologisch ausgewogene, \u00f6kologisch durchdachte Landwirtschaft werden immer mehr Kunstd\u00fcnger und Pestizide auf den Felder verwendet werden. Wir haben die Wahl, vor dem Regal.<\/p>\n<p><strong>Freund und Helfer! <\/strong>Ich habe mich eigentlich schon immer als Sozialarbeiter in Uniform gesehen. Was bei den harten Jungs schnell dazu f\u00fchrt, dass die Streife mit einem \u00e4hnlich tickenden Kollegen als &#8220;Sozialstreife&#8221; geh\u00e4nselt wird. Mit den Frauen bei der Polizei ist da vieles besser geworden. Aber ich bin gerne drau\u00dfen unterwegs und achte drauf, dass die Spielregeln eingehalten werden. Zum Regeln machen gibt es ja die Politik, manches &#8211; wie das Bestrafen von Kiffern &#8211; k\u00f6nnte man sich schenken. Viel wichtiger w\u00e4re es ein gutes Vorbild zu sein!<\/p>\n","protected":false},"excerpt":{"rendered":"<p>&nbsp; Wieso GR\u00dcN? Es geht mir um die Erhaltung unserer Lebensgrundlagen &#8211; nat\u00fcrlich! Nicht Mobiltelefon, nicht Auto, nicht sinnloser Konsum sind Lebensgrundlagen. Lebensgrundlagen \u00fcberall auf der Welt sind unsere Umwelt,&#8230; <\/p>\n","protected":false},"author":2,"featured_media":0,"parent":0,"menu_order":0,"comment_status":"closed","ping_status":"closed","template":"","meta":[],"_links":{"self":[{"href":"https:\/\/helmut-wening.de\/wp\/index.php?rest_route=\/wp\/v2\/pages\/461"}],"collection":[{"href":"https:\/\/helmut-wening.de\/wp\/index.php?rest_route=\/wp\/v2\/pages"}],"about":[{"href":"https:\/\/helmut-wening.de\/wp\/index.php?rest_route=\/wp\/v2\/types\/page"}],"author":[{"embeddable":true,"href":"https:\/\/helmut-wening.de\/wp\/index.php?rest_route=\/wp\/v2\/users\/2"}],"replies":[{"embeddable":true,"href":"https:\/\/helmut-wening.de\/wp\/index.php?rest_route=%2Fwp%2Fv2%2Fcomments&post=461"}],"version-history":[{"count":9,"href":"https:\/\/helmut-wening.de\/wp\/index.php?rest_route=\/wp\/v2\/pages\/461\/revisions"}],"predecessor-version":[{"id":588,"href":"https:\/\/helmut-wening.de\/wp\/index.php?rest_route=\/wp\/v2\/pages\/461\/revisions\/588"}],"wp:attachment":[{"href":"https:\/\/helmut-wening.de\/wp\/index.php?rest_route=%2Fwp%2Fv2%2Fmedia&parent=461"}],"curies":[{"name":"wp","href":"https:\/\/api.w.org\/{rel}","templated":true}]}}