{"id":77,"date":"2013-09-10T17:13:59","date_gmt":"2013-09-10T15:13:59","guid":{"rendered":"http:\/\/helmut-wening.de\/wp\/?page_id=77"},"modified":"2017-09-09T18:40:40","modified_gmt":"2017-09-09T16:40:40","slug":"der-mensch-helmut","status":"publish","type":"page","link":"https:\/\/helmut-wening.de\/wp\/?page_id=77","title":{"rendered":"Der Mensch Helmut"},"content":{"rendered":"<p><strong><span style=\"color: #008000;\">Wer will, dass die Welt so bleibt, wie sie ist, der will nicht, dass sie bleibt!<\/span><\/strong><\/p>\n<p>Es ist nicht ganz einfach sich auf einer Internetseite vorzustellen \u2013 zur\u00fcck liegen 55 Jahre Leben, 37 davon bei der bayerischen Polizei, 30 gl\u00fccklich verheiratet mit der besten Ehefrau, 25 Jahre drei Jungs beim Gro\u00dfwerden begleitet. 40 Jahre ehrenamtliche Jugendarbeit bei den Pfadfindern und anderen Gruppen. Politisch aktiv seit 30 Jahren \u2013 immer bei den Gr\u00fcnen und seit 15 Jahren im Erlanger Stadtrat.<\/p>\n<a class=\"fancybox\" rel=\"gallery77\" href=\"http:\/\/helmut-wening.de\/wp\/wp-content\/uploads\/2013\/09\/DSC_0137.jpg\"><img decoding=\"async\" loading=\"lazy\" class=\"wp-image-529 alignright\" src=\"http:\/\/helmut-wening.de\/wp\/wp-content\/uploads\/2013\/09\/DSC_0137-540x370.jpg\" alt=\"\" width=\"278\" height=\"184\" \/><\/a>\n<p><span style=\"color: #008000;\"><strong>Ich tue gerne etwas f\u00fcr andere.<\/strong> <\/span>Es gibt so Viele, die uns das Leben schwer machen, deshalb\u00a0 versuche ich ein \u201eLeben-leichter-Macher\u201c zu sein. Das ist anstrengend, vor allem seit es E-mail und Mobiltelefone gibt.<\/p>\n<p>Das zweite gro\u00dfe Problem ist <strong><span style=\"color: #008000;\">mein Gerechtigkeitsempfinden.<\/span><\/strong> Vielleicht bin ich deshalb bei der Polizei gelandet, m\u00f6glicherweise setze ich mich deshalb f\u00fcr den Erhalt von Natur und Umwelt ein, die sonst keine gro\u00dfe Lobby haben. Auch in der Politik \u00e4rgere ich mich sehr \u00fcber unfaires, ungerechtes Verhalten. Absprachen und Seilschaften f\u00fchren dazu, dass nicht immer die besten Kandidatinnen vorne auf der Liste stehen. Wenn sich zwei starke Ortsgruppen (bsplw. N\u00fcrnberg und N\u00fcrnberg-Land) absprechen \u2013 bleiben f\u00fcr die anderen nur die hinteren Pl\u00e4tze.<\/p>\n<p><strong><span style=\"color: #008000;\">Das weckt den Kampfgeist \u2013 aufgeben gilt nicht und geht nicht \u2013 gibt\u2019s nicht!!<\/span><\/strong> Vielleicht gibt es im Landkreis Erlangen-H\u00f6chstadt doch mehr Menschen, die pers\u00f6nliches Engagement anerkennen. Die wissen, dass wir nicht so weitermachen k\u00f6nnen. Jetzt und in Zukunft geht es um unsere Lebensgrundlagen. Eine industrielle Landwirtschaft die B\u00f6den verdichtet und vergiftet darf nicht weiter gef\u00f6rdert werden. Oberfl\u00e4chengew\u00e4sser, Grundwasser und damit unser Trinkwasser ben\u00f6tigt unbedingten Schutz vor weiteren Eintrag von Kohlenwasserstoffen, Medikamentenr\u00fcckst\u00e4nden und vielem mehr. Und eine gesunde Luft zum Atmen, dazu muss ich wohl nichts weiter sagen. Wenn bei \u00dcberschwemmungen wie in der zur\u00fcckliegenden Zeit, ganze Landstriche mit einem Gemisch aus \u00d6l, Chemikalien, F\u00e4kalien verseucht werden, dann wird es h\u00f6chste Zeit, dass wir unsere Lebensgewohnheiten \u00fcberdenken.<\/p>\n<p>Wir Gr\u00fcne haben seit 30 Jahren an L\u00f6sungen f\u00fcr den Erhalt unserer Welt mitgearbeitet. Ohne uns (und bedauerliche Katastrophen) g\u00e4be es keine Energiewende. Nur mit starken Gr\u00fcnen wird es eine Agrarwende geben, die auch die kleine b\u00e4uerliche Landwirtschaft sch\u00fctzt und erh\u00e4lt. Wir fordern eine biologische und\u00a0 \u00f6kologische Bewirtschaftung der Wiesen, Felder und W\u00e4lder. Massentierhaltung, gro\u00dffl\u00e4chige Monokulturen und Produktion am Bedarf vorbei sollen nicht mehr gef\u00f6rdert werden.<\/p>\n<p><span style=\"color: #008000;\"><strong>Wenn Sie auch pers\u00f6nlich dazu beitragen wollen, dann geben Sie mir bitte ihre Erststimme bei der Bundestagswahl\u00a0und Ihre Zweitstimme B\u00fcndnis 90\/Die Gr\u00fcnen\u00a0\u2013 vielen Dank und Ihnen und uns eine gl\u00fcckliche Zukunft.<\/strong><\/span><\/p>\n<a class=\"fancybox\" rel=\"gallery77\" href=\"http:\/\/helmut-wening.de\/wp\/wp-content\/uploads\/2013\/09\/aermel.jpg\"><img decoding=\"async\" loading=\"lazy\" class=\"alignleft wp-image-530\" src=\"http:\/\/helmut-wening.de\/wp\/wp-content\/uploads\/2013\/09\/aermel-540x370.jpg\" alt=\"\" width=\"319\" height=\"165\" srcset=\"https:\/\/helmut-wening.de\/wp\/wp-content\/uploads\/2013\/09\/aermel-768x398.jpg 768w, https:\/\/helmut-wening.de\/wp\/wp-content\/uploads\/2013\/09\/aermel.jpg 1157w\" sizes=\"(max-width: 319px) 100vw, 319px\" \/><\/a>\n","protected":false},"excerpt":{"rendered":"<p>Wer will, dass die Welt so bleibt, wie sie ist, der will nicht, dass sie bleibt! Es ist nicht ganz einfach sich auf einer Internetseite vorzustellen \u2013 zur\u00fcck liegen 55&#8230; <\/p>\n","protected":false},"author":3,"featured_media":0,"parent":0,"menu_order":0,"comment_status":"closed","ping_status":"closed","template":"","meta":[],"_links":{"self":[{"href":"https:\/\/helmut-wening.de\/wp\/index.php?rest_route=\/wp\/v2\/pages\/77"}],"collection":[{"href":"https:\/\/helmut-wening.de\/wp\/index.php?rest_route=\/wp\/v2\/pages"}],"about":[{"href":"https:\/\/helmut-wening.de\/wp\/index.php?rest_route=\/wp\/v2\/types\/page"}],"author":[{"embeddable":true,"href":"https:\/\/helmut-wening.de\/wp\/index.php?rest_route=\/wp\/v2\/users\/3"}],"replies":[{"embeddable":true,"href":"https:\/\/helmut-wening.de\/wp\/index.php?rest_route=%2Fwp%2Fv2%2Fcomments&post=77"}],"version-history":[{"count":14,"href":"https:\/\/helmut-wening.de\/wp\/index.php?rest_route=\/wp\/v2\/pages\/77\/revisions"}],"predecessor-version":[{"id":537,"href":"https:\/\/helmut-wening.de\/wp\/index.php?rest_route=\/wp\/v2\/pages\/77\/revisions\/537"}],"wp:attachment":[{"href":"https:\/\/helmut-wening.de\/wp\/index.php?rest_route=%2Fwp%2Fv2%2Fmedia&parent=77"}],"curies":[{"name":"wp","href":"https:\/\/api.w.org\/{rel}","templated":true}]}}